{"id":26,"date":"2018-11-18T13:05:46","date_gmt":"2018-11-18T12:05:46","guid":{"rendered":"https:\/\/annette-und-marcel-heiraten.m4rc3l.com\/?page_id=26"},"modified":"2019-03-31T12:40:39","modified_gmt":"2019-03-31T11:40:39","slug":"hochzeitsprogramm","status":"publish","type":"page","link":"https:\/\/annette-und-marcel-heiraten.m4rc3l.com\/?page_id=26","title":{"rendered":"Hochzeitsprogramm"},"content":{"rendered":"<table style=\"border-width: 0px;\" align=\"center\">\n<tbody>\n<tr>\n<td style=\"text-align: right; border-width: 0px;\" rowspan=\"2\"><strong>14:30<\/strong><\/td>\n<td style=\"text-align: center; border-width: 0px;\" colspan=\"2\"><img decoding=\"async\" src=\"http:\/\/annette-und-marcel-heiraten.m4rc3l.com\/wp-content\/uploads\/2018\/11\/kirche_klein.png\" alt=\"\"><\/td>\n<td style=\"border-width: 0px;\" rowspan=\"2\">Traugottesdienst in der kath. Kirche <a href=\"https:\/\/www.st-bernward-lehrte.de\/\">St. Bernward<\/a> in Lehrte<\/td>\n<\/tr>\n<tr>\n<td style=\"width: 5em; height: 3em; border-bottom: none; border-right: 5px solid black;\"><\/td>\n<td style=\"width: 5em; border-width: 0px;\"><\/td>\n<\/tr>\n<tr>\n<td style=\"border-width: 0px; text-align: right;\" rowspan=\"2\"><strong>ca. 15:15<\/strong><\/td>\n<td style=\"text-align: center; border-width: 0px;\" colspan=\"2\"><img decoding=\"async\" src=\"http:\/\/annette-und-marcel-heiraten.m4rc3l.com\/wp-content\/uploads\/2018\/11\/torte_klein.png\" alt=\"\"><\/td>\n<td style=\"border-width: 0px;\" rowspan=\"2\">Stehempfang mit Snack vor der Kirche<\/td>\n<\/tr>\n<tr>\n<td style=\"width: 5em; height: 3em; border-bottom: none; border-right: 5px solid black;\"><\/td>\n<td style=\"width: 5em; border-width: 0px;\"><\/td>\n<\/tr>\n<tr>\n<td style=\"border-width: 0px; text-align: right;\" rowspan=\"2\">\n<div style=\"white-space: nowrap;\"><strong>ab 16:00<\/strong><\/div>\n<\/td>\n<td style=\"text-align: center; border-width: 0px;\" colspan=\"2\"><img decoding=\"async\" src=\"http:\/\/annette-und-marcel-heiraten.m4rc3l.com\/wp-content\/uploads\/2018\/11\/hotel_auto_klein.png\" alt=\"\"><\/td>\n<td style=\"border-width: 0px;\" rowspan=\"2\">Fahrt nach Gro\u00dfburgwedel und ggf. Einchecken im <a href=\"https:\/\/annette-und-marcel-heiraten.m4rc3l.com\/?page_id=32\">Hotel<\/a><\/td>\n<\/tr>\n<tr>\n<td style=\"width: 5em; height: 3em; border-bottom: medium none; border-right: 5px solid black;\"><\/td>\n<td style=\"width: 5em; border-width: 0px;\"><\/td>\n<\/tr>\n<tr>\n<td style=\"border-width: 0px; text-align: right;\" rowspan=\"2\">\n<div style=\"white-space: nowrap;\"><strong>ab 17:00<\/strong><\/div>\n<\/td>\n<td style=\"text-align: center; border-width: 0px;\" colspan=\"2\"><img decoding=\"async\" src=\"http:\/\/annette-und-marcel-heiraten.m4rc3l.com\/wp-content\/uploads\/2018\/11\/sekt_klein.png\" alt=\"\"><\/td>\n<td style=\"border-width: 0px;\" rowspan=\"2\">Empfang am <a href=\"http:\/\/landhaus-burgwedel.de\/\">Landhaus Burgwedel<\/a><br \/>\n<b>Parkm\u00f6glichkeiten gibt es auf dem angrenzenden Aldi-Parkplatz<\/b><\/td>\n<\/tr>\n<tr>\n<td style=\"width: 5em; height: 3em; border-bottom: medium none; border-right: 5px solid black;\"><\/td>\n<td style=\"width: 5em; border-width: 0px;\"><\/td>\n<\/tr>\n<tr>\n<td style=\"border-width: 0px; text-align: right;\" rowspan=\"2\">\n<div style=\"white-space: nowrap;\"><strong>ca. 17:30<\/strong><\/div>\n<\/td>\n<td style=\"text-align: center; border-width: 0px;\" colspan=\"2\"><img decoding=\"async\" src=\"http:\/\/annette-und-marcel-heiraten.m4rc3l.com\/wp-content\/uploads\/2018\/11\/kamera_klein.png\" alt=\"\"><\/td>\n<td style=\"border-width: 0px;\" rowspan=\"2\">Fotos mit den G\u00e4sten<\/td>\n<\/tr>\n<tr>\n<td style=\"width: 5em; height: 3em; border-bottom: medium none; border-right: 5px solid black;\"><\/td>\n<td style=\"width: 5em; border-width: 0px;\"><\/td>\n<\/tr>\n<tr>\n<td style=\"border-width: 0px; text-align: right;\" rowspan=\"2\"><strong>19:00<\/strong><\/td>\n<td style=\"text-align: center; border-width: 0px;\" colspan=\"2\"><img decoding=\"async\" src=\"http:\/\/annette-und-marcel-heiraten.m4rc3l.com\/wp-content\/uploads\/2018\/11\/essen_klein.png\" alt=\"\"><\/td>\n<td style=\"border-width: 0px;\" rowspan=\"2\">Er\u00f6ffnung des Buffets<\/td>\n<\/tr>\n<tr>\n<td style=\"width: 5em; height: 3em; border-bottom: medium none; border-right: 5px solid black;\"><\/td>\n<td style=\"width: 5em; border-width: 0px;\"><\/td>\n<\/tr>\n<tr>\n<td style=\"border-width: 0px; text-align: right;\" rowspan=\"2\">\n<div style=\"white-space: nowrap;\"><strong>ca. 21:00<\/strong><\/div>\n<\/td>\n<td style=\"text-align: center; border-width: 0px;\" colspan=\"2\"><strong><img decoding=\"async\" src=\"http:\/\/annette-und-marcel-heiraten.m4rc3l.com\/wp-content\/uploads\/2018\/11\/tanz_klein.png\" alt=\"\"><\/strong><\/td>\n<td style=\"border-width: 0px;\" rowspan=\"2\">Er\u00f6ffnungstanz<\/td>\n<\/tr>\n<tr>\n<td style=\"width: 5em; height: 3em; border-bottom: medium none; border-right: 5px solid black;\"><\/td>\n<td style=\"width: 5em; border-width: 0px;\"><\/td>\n<\/tr>\n<tr>\n<td style=\"border-width: 0px; text-align: right;\" rowspan=\"2\"><strong>danach<\/strong><\/td>\n<td style=\"text-align: center; border-width: 0px;\" colspan=\"2\"><strong><img decoding=\"async\" src=\"http:\/\/annette-und-marcel-heiraten.m4rc3l.com\/wp-content\/uploads\/2018\/11\/tanzen_klein.png\" alt=\"\"><\/strong><\/td>\n<td style=\"border-width: 0px;\" rowspan=\"2\">Party !<\/td>\n<\/tr>\n<tr>\n<td style=\"width: 5em; height: 3em; border-bottom: medium none; border-right: 5px solid black;\"><\/td>\n<td style=\"width: 5em; border-width: 0px;\"><\/td>\n<\/tr>\n<tr>\n<td style=\"border-width: 0px; text-align: right;\" rowspan=\"2\"><strong>24:00<\/strong><\/td>\n<td style=\"text-align: center; border-width: 0px;\" colspan=\"2\"><strong><img decoding=\"async\" src=\"http:\/\/annette-und-marcel-heiraten.m4rc3l.com\/wp-content\/uploads\/2018\/11\/snack2_klein.png\" alt=\"\"><\/strong><\/td>\n<td style=\"border-width: 0px;\" rowspan=\"2\">Mitternachtssnack<\/td>\n<\/tr>\n<\/tbody>\n<\/table>\n","protected":false},"excerpt":{"rendered":"<p>14:30 Traugottesdienst in der kath. Kirche St. Bernward in Lehrte ca. 15:15 Stehempfang mit Snack vor der Kirche ab 16:00 Fahrt nach Gro\u00dfburgwedel und ggf. Einchecken im Hotel ab 17:00 Empfang am Landhaus Burgwedel Parkm\u00f6glichkeiten gibt es auf dem angrenzenden Aldi-Parkplatz ca. 17:30 Fotos mit den G\u00e4sten 19:00 Er\u00f6ffnung des Buffets ca. 21:00 Er\u00f6ffnungstanz danach [&hellip;]<\/p>\n","protected":false},"author":2,"featured_media":0,"parent":0,"menu_order":0,"comment_status":"closed","ping_status":"closed","template":"","meta":{"footnotes":""},"class_list":["post-26","page","type-page","status-publish","hentry"],"_links":{"self":[{"href":"https:\/\/annette-und-marcel-heiraten.m4rc3l.com\/index.php?rest_route=\/wp\/v2\/pages\/26","targetHints":{"allow":["GET"]}}],"collection":[{"href":"https:\/\/annette-und-marcel-heiraten.m4rc3l.com\/index.php?rest_route=\/wp\/v2\/pages"}],"about":[{"href":"https:\/\/annette-und-marcel-heiraten.m4rc3l.com\/index.php?rest_route=\/wp\/v2\/types\/page"}],"author":[{"embeddable":true,"href":"https:\/\/annette-und-marcel-heiraten.m4rc3l.com\/index.php?rest_route=\/wp\/v2\/users\/2"}],"replies":[{"embeddable":true,"href":"https:\/\/annette-und-marcel-heiraten.m4rc3l.com\/index.php?rest_route=%2Fwp%2Fv2%2Fcomments&post=26"}],"version-history":[{"count":6,"href":"https:\/\/annette-und-marcel-heiraten.m4rc3l.com\/index.php?rest_route=\/wp\/v2\/pages\/26\/revisions"}],"predecessor-version":[{"id":76,"href":"https:\/\/annette-und-marcel-heiraten.m4rc3l.com\/index.php?rest_route=\/wp\/v2\/pages\/26\/revisions\/76"}],"wp:attachment":[{"href":"https:\/\/annette-und-marcel-heiraten.m4rc3l.com\/index.php?rest_route=%2Fwp%2Fv2%2Fmedia&parent=26"}],"curies":[{"name":"wp","href":"https:\/\/api.w.org\/{rel}","templated":true}]}}