{"id":23,"date":"2018-11-18T13:05:36","date_gmt":"2018-11-18T12:05:36","guid":{"rendered":"https:\/\/annette-und-marcel-heiraten.m4rc3l.com\/?page_id=23"},"modified":"2018-11-18T21:12:41","modified_gmt":"2018-11-18T20:12:41","slug":"herzlich-willkommen-auf-unserer-hochzeitswebseite","status":"publish","type":"page","link":"https:\/\/annette-und-marcel-heiraten.m4rc3l.com\/","title":{"rendered":"Herzlich willkommen auf unserer Hochzeitswebseite!!"},"content":{"rendered":"<p>Liebe G\u00e4ste,<\/p>\n<p>wie ihr alle wisst, werden wir am 4. Mai heiraten und freuen uns jetzt schon unheimlich darauf, diesen Tag mit euch zu feiern!<\/p>\n<p>Auf dieser Seite findet ihr alle wichtigen Infos rund um unseren Hochzeitstag, wie z.B. den Tagesablauf und eine Liste der umliegenden Hotels. Da sich der Tagesablauf eventuell noch etwas \u00e4ndern wird, schaut ab und zu rein oder abonniert unseren Newsletter, der euch \u00fcber alle \u00c4nderungen auf dem Laufenden halten wird.<\/p>\n<p>Liebe Gr\u00fc\u00dfe,<br \/>\nAnnette &amp; Marcel<\/p>\n","protected":false},"excerpt":{"rendered":"<p>Liebe G\u00e4ste, wie ihr alle wisst, werden wir am 4. Mai heiraten und freuen uns jetzt schon unheimlich darauf, diesen Tag mit euch zu feiern! Auf dieser Seite findet ihr alle wichtigen Infos rund um unseren Hochzeitstag, wie z.B. den Tagesablauf und eine Liste der umliegenden Hotels. Da sich der Tagesablauf eventuell noch etwas \u00e4ndern [&hellip;]<\/p>\n","protected":false},"author":2,"featured_media":0,"parent":0,"menu_order":0,"comment_status":"closed","ping_status":"closed","template":"","meta":{"footnotes":""},"class_list":["post-23","page","type-page","status-publish","hentry"],"_links":{"self":[{"href":"https:\/\/annette-und-marcel-heiraten.m4rc3l.com\/index.php?rest_route=\/wp\/v2\/pages\/23","targetHints":{"allow":["GET"]}}],"collection":[{"href":"https:\/\/annette-und-marcel-heiraten.m4rc3l.com\/index.php?rest_route=\/wp\/v2\/pages"}],"about":[{"href":"https:\/\/annette-und-marcel-heiraten.m4rc3l.com\/index.php?rest_route=\/wp\/v2\/types\/page"}],"author":[{"embeddable":true,"href":"https:\/\/annette-und-marcel-heiraten.m4rc3l.com\/index.php?rest_route=\/wp\/v2\/users\/2"}],"replies":[{"embeddable":true,"href":"https:\/\/annette-und-marcel-heiraten.m4rc3l.com\/index.php?rest_route=%2Fwp%2Fv2%2Fcomments&post=23"}],"version-history":[{"count":2,"href":"https:\/\/annette-und-marcel-heiraten.m4rc3l.com\/index.php?rest_route=\/wp\/v2\/pages\/23\/revisions"}],"predecessor-version":[{"id":68,"href":"https:\/\/annette-und-marcel-heiraten.m4rc3l.com\/index.php?rest_route=\/wp\/v2\/pages\/23\/revisions\/68"}],"wp:attachment":[{"href":"https:\/\/annette-und-marcel-heiraten.m4rc3l.com\/index.php?rest_route=%2Fwp%2Fv2%2Fmedia&parent=23"}],"curies":[{"name":"wp","href":"https:\/\/api.w.org\/{rel}","templated":true}]}}